{"id":3999,"date":"2023-11-10T16:07:30","date_gmt":"2023-11-10T15:07:30","guid":{"rendered":"https:\/\/clone.nextrope.com\/?page_id=3999"},"modified":"2025-04-09T08:24:12","modified_gmt":"2025-04-09T06:24:12","slug":"mid-backend-developer-pl","status":"publish","type":"page","link":"https:\/\/clone.nextrope.com\/pl\/kariera\/mid-backend-developer-pl\/","title":{"rendered":"Backend Developer"},"content":{"rendered":"<h2 class=\"wp-block-heading\">Kim jeste\u015b?<\/h2>\n\n\n\n<p>Jeste\u015b programist\u0105 backendowym, kt\u00f3ry dzia\u0142a w przestrzeni Web3? Je\u015bli interesujesz si\u0119 nie tylko technologicznymi aspektami blockchain, ale tak\u017ce jego implikacjami biznesowymi i mo\u017cliwo\u015bciami, jeste\u015b kandydatem, kt\u00f3rego szukamy.&nbsp;<\/p>\n\n\n\n<h2 class=\"wp-block-heading\">Kim jeste\u015bmy?<\/h2>\n\n\n\n<p>Jeste\u015bmy zespo\u0142em ekspert\u00f3w ds. transformacji cyfrowej specjalizuj\u0105cych si\u0119 w technologiach Web3, takich jak kryptowaluty, blockchain, dApps i audyty smart kontrakt\u00f3w. Od momentu powstania w 2015 r. jeste\u015bmy w czo\u0142\u00f3wce zdecentralizowanego ekosystemu, wsp\u00f3\u0142pracuj\u0105c z klientami z ca\u0142ego \u015bwiata i r\u00f3\u017cnych bran\u017c.<\/p>\n\n\n\n<p>Poszukujemy zmotywowanych i kompetentnych cz\u0142onk\u00f3w zespo\u0142u, kt\u00f3rzy chc\u0105 uczy\u0107 si\u0119 od najlepszych ekspert\u00f3w. Jako programista Nextrope b\u0119dziesz anga\u017cowa\u0107 si\u0119 w ciekawe projekty, kt\u00f3re czasem b\u0119d\u0105 dla Ciebie du\u017cym wyzwaniem. Zdob\u0119dziesz praktyczne do\u015bwiadczenie w pracy z najnowszymi technologiami i narz\u0119dziami.<\/p>\n\n\n\n<h4 class=\"wp-block-heading\">Zakres obowi\u0105zk\u00f3w<\/h4>\n\n\n\n<ul class=\"wp-block-list\">\n<li>Praca zespo\u0142owa w celu zapewnienia pe\u0142nego cyklu \u017cycia, w tym wymaga\u0144, architektury, projektowania, rozwoju, testowania, wdra\u017cania i konserwacji rozwi\u0105za\u0144 programistycznych.<\/li>\n\n\n\n<li>Projektowanie, rozwijanie i utrzymywanie kodu, kt\u00f3ry spe\u0142nia wymagania, jest wysokiej jako\u015bci oraz dzia\u0142a wydajnie i skutecznie.<\/li>\n\n\n\n<li>Uwzgl\u0119dnianie standard\u00f3w i najlepszych praktyk, w tym wydajno\u015bci, bezpiecze\u0144stwa, skalowalno\u015bci.<\/li>\n\n\n\n<li>Aktualizowanie i utrzymywanie dokument\u00f3w projektowych systemu.<\/li>\n\n\n\n<li>Przegl\u0105danie i dostarczanie informacji zwrotnych na temat wymaga\u0144 funkcjonalnych i technicznych.<\/li>\n\n\n\n<li>Definiowanie i proponowanie rozwi\u0105za\u0144 spe\u0142niaj\u0105cych wymagania klient\u00f3w.<\/li>\n\n\n\n<li>\u015acis\u0142a wsp\u00f3\u0142praca z innymi programistami w celu zapewnienia, \u017ce projekt systemu jest zgodny z najlepszymi standardami bran\u017cowymi.<\/li>\n\n\n\n<li>Zapewnienie wsparcia operacyjnego.<\/li>\n<\/ul>\n\n\n\n<h4 class=\"wp-block-heading\">Wymagania<\/h4>\n\n\n\n<ul class=\"wp-block-list\">\n<li>Minimum 3 lata do\u015bwiadczenia jako Web3 Backend Developer<\/li>\n\n\n\n<li>Bieg\u0142a znajomo\u015b\u0107 j\u0119zyk\u00f3w programowania backendu odpowiednich dla web3, takich jak Node.js\/Nest.js i Solidity<\/li>\n\n\n\n<li>Dog\u0142\u0119bne zrozumienie interakcji blockchain, integracji smart kontrakt\u00f3w i zdecentralizowanych rozwi\u0105za\u0144 do przechowywania danych.<\/li>\n\n\n\n<li>Znajomo\u015b\u0107 platform i narz\u0119dzi oprogramowania po\u015brednicz\u0105cego Web3.<\/li>\n\n\n\n<li>Dog\u0142\u0119bne zrozumienie zdecentralizowanych rozwi\u0105za\u0144 w zakresie to\u017csamo\u015bci, zapyta\u0144 o dane w \u0142a\u0144cuchu i technik integracji poza \u0142a\u0144cuchem.<\/li>\n\n\n\n<li>Dog\u0142\u0119bna znajomo\u015b\u0107 zdecentralizowanych protoko\u0142\u00f3w finansowych (DeFi), us\u0142ug oracle i rozwi\u0105za\u0144 skalowania warstwy 2.<\/li>\n\n\n\n<li>Solidne zrozumienie zasad kryptograficznych i praktyk bezpiecze\u0144stwa specyficznych dla domeny web3.<\/li>\n\n\n\n<li>Umiej\u0119tno\u015b\u0107 \u015bcis\u0142ej wsp\u00f3\u0142pracy z innymi cz\u0142onkami zespo\u0142u, w tym programistami frontendowymi, projektantami UI\/UX i mened\u017cerami produktu w celu dostarczenia kompletnego rozwi\u0105zania web3.<\/li>\n\n\n\n<li>Ci\u0105g\u0142e uczenie si\u0119, bycie na bie\u017c\u0105co z pojawiaj\u0105cymi si\u0119 trendami i najlepszymi praktykami w szybko rozwijaj\u0105cej si\u0119 przestrzeni web3.<\/li>\n\n\n\n<li>Zamieszka\u0142y w Unii Europejskiej<\/li>\n<\/ul>\n\n\n\n<h4 class=\"wp-block-heading\">O nas<\/h4>\n\n\n\n<p>W Nextrope wszyscy dostarczamy najlepsze wyniki naszym klientom. Chcesz pracowa\u0107 w zespole pe\u0142nym ekspert\u00f3w, kt\u00f3rzy my\u015bl\u0105 przysz\u0142o\u015bciowo? Zapraszamy do wsp\u00f3\u0142pracy, oto kilka powod\u00f3w:<\/p>\n\n\n\n<ul class=\"wp-block-list\">\n<li>Rozwijamy si\u0119 bardzo szybko na ca\u0142ym \u015bwiecie.<\/li>\n\n\n\n<li>Otrzymasz wyj\u0105tkow\u0105 mo\u017cliwo\u015b\u0107 pracy w Web3.<\/li>\n\n\n\n<li>Nasz zesp\u00f3\u0142 dba o klient\u00f3w i spos\u00f3b, w jaki pracujemy.<\/li>\n\n\n\n<li>Mo\u017cesz pracowa\u0107 z dowolnego miejsca.<\/li>\n<\/ul>","protected":false},"excerpt":{"rendered":"<p>Kim jeste\u015b? Jeste\u015b programist\u0105 backendowym, kt\u00f3ry dzia\u0142a w przestrzeni Web3? Je\u015bli interesujesz si\u0119 nie tylko technologicznymi aspektami blockchain, ale tak\u017ce jego implikacjami biznesowymi i mo\u017cliwo\u015bciami, jeste\u015b kandydatem, kt\u00f3rego szukamy.&nbsp; Kim jeste\u015bmy? Jeste\u015bmy zespo\u0142em ekspert\u00f3w ds. transformacji cyfrowej specjalizuj\u0105cych si\u0119 w technologiach Web3, takich jak kryptowaluty, blockchain, dApps i audyty smart kontrakt\u00f3w. Od momentu powstania w [&hellip;]<\/p>","protected":false},"author":18,"featured_media":0,"parent":1523,"menu_order":0,"comment_status":"closed","ping_status":"closed","template":"career-view.php","meta":{"_acf_changed":false,"content-type":"","_exactmetrics_skip_tracking":false,"_exactmetrics_sitenote_active":false,"_exactmetrics_sitenote_note":"","_exactmetrics_sitenote_category":0,"iawp_total_views":0,"footnotes":""},"class_list":["post-3999","page","type-page","status-publish","hentry"],"acf":[],"yoast_head":"<!-- This site is optimized with the Yoast SEO plugin v27.5 - https:\/\/yoast.com\/product\/yoast-seo-wordpress\/ -->\n<title>Mid Web3 Backend Developer | Carrer | Nextrope<\/title>\n<meta name=\"description\" content=\"Do\u0142\u0105cz do Nextrope jako Mid Web3 Backend Developer i we\u017a udzia\u0142 w projektowaniu, wdra\u017caniu i utrzymaniu innowacyjnych rozwi\u0105za\u0144 opartych na technologii blockchain.\" \/>\n<meta name=\"robots\" content=\"index, follow, max-snippet:-1, max-image-preview:large, max-video-preview:-1\" \/>\n<link rel=\"canonical\" href=\"https:\/\/clone.nextrope.com\/pl\/kariera\/mid-backend-developer-pl\/\" \/>\n<meta property=\"og:locale\" content=\"pl_PL\" \/>\n<meta property=\"og:type\" content=\"article\" \/>\n<meta property=\"og:title\" content=\"Mid Web3 Backend Developer | Carrer | Nextrope\" \/>\n<meta property=\"og:description\" content=\"Do\u0142\u0105cz do Nextrope jako Mid Web3 Backend Developer i we\u017a udzia\u0142 w projektowaniu, wdra\u017caniu i utrzymaniu innowacyjnych rozwi\u0105za\u0144 opartych na technologii blockchain.\" \/>\n<meta property=\"og:url\" content=\"https:\/\/clone.nextrope.com\/pl\/kariera\/mid-backend-developer-pl\/\" \/>\n<meta property=\"og:site_name\" content=\"Nextrope - Your Trusted Partner for Blockchain Development and Advisory Services\" \/>\n<meta property=\"article:publisher\" content=\"https:\/\/www.facebook.com\/weknowtheropes\/\" \/>\n<meta property=\"article:modified_time\" content=\"2025-04-09T06:24:12+00:00\" \/>\n<meta name=\"twitter:card\" content=\"summary_large_image\" \/>\n<meta name=\"twitter:label1\" content=\"Szacowany czas czytania\" \/>\n\t<meta name=\"twitter:data1\" content=\"2 minuty\" \/>\n<script type=\"application\/ld+json\" class=\"yoast-schema-graph\">{\"@context\":\"https:\\\/\\\/schema.org\",\"@graph\":[{\"@type\":\"WebPage\",\"@id\":\"https:\\\/\\\/clone.nextrope.com\\\/pl\\\/kariera\\\/mid-backend-developer-pl\\\/\",\"url\":\"https:\\\/\\\/clone.nextrope.com\\\/pl\\\/kariera\\\/mid-backend-developer-pl\\\/\",\"name\":\"Mid Web3 Backend Developer | Carrer | Nextrope\",\"isPartOf\":{\"@id\":\"https:\\\/\\\/clone.nextrope.com\\\/pl\\\/#website\"},\"datePublished\":\"2023-11-10T15:07:30+00:00\",\"dateModified\":\"2025-04-09T06:24:12+00:00\",\"description\":\"Do\u0142\u0105cz do Nextrope jako Mid Web3 Backend Developer i we\u017a udzia\u0142 w projektowaniu, wdra\u017caniu i utrzymaniu innowacyjnych rozwi\u0105za\u0144 opartych na technologii blockchain.\",\"breadcrumb\":{\"@id\":\"https:\\\/\\\/clone.nextrope.com\\\/pl\\\/kariera\\\/mid-backend-developer-pl\\\/#breadcrumb\"},\"inLanguage\":\"pl-PL\",\"potentialAction\":[{\"@type\":\"ReadAction\",\"target\":[\"https:\\\/\\\/clone.nextrope.com\\\/pl\\\/kariera\\\/mid-backend-developer-pl\\\/\"]}]},{\"@type\":\"BreadcrumbList\",\"@id\":\"https:\\\/\\\/clone.nextrope.com\\\/pl\\\/kariera\\\/mid-backend-developer-pl\\\/#breadcrumb\",\"itemListElement\":[{\"@type\":\"ListItem\",\"position\":1,\"name\":\"Home\",\"item\":\"https:\\\/\\\/clone.nextrope.com\\\/pl\\\/wsparcie-konsultacje-technologie-web3-blockchain-nextrope\\\/\"},{\"@type\":\"ListItem\",\"position\":2,\"name\":\"Careers Pl\",\"item\":\"https:\\\/\\\/clone.nextrope.com\\\/pl\\\/kariera\\\/\"},{\"@type\":\"ListItem\",\"position\":3,\"name\":\"Backend Developer\"}]},{\"@type\":\"WebSite\",\"@id\":\"https:\\\/\\\/clone.nextrope.com\\\/pl\\\/#website\",\"url\":\"https:\\\/\\\/clone.nextrope.com\\\/pl\\\/\",\"name\":\"Nextrope - Your Trusted Partner for Blockchain Development and Advisory Services\",\"description\":\"Fintech Software House\",\"publisher\":{\"@id\":\"https:\\\/\\\/clone.nextrope.com\\\/pl\\\/#organization\"},\"potentialAction\":[{\"@type\":\"SearchAction\",\"target\":{\"@type\":\"EntryPoint\",\"urlTemplate\":\"https:\\\/\\\/clone.nextrope.com\\\/pl\\\/?s={search_term_string}\"},\"query-input\":{\"@type\":\"PropertyValueSpecification\",\"valueRequired\":true,\"valueName\":\"search_term_string\"}}],\"inLanguage\":\"pl-PL\"},{\"@type\":\"Organization\",\"@id\":\"https:\\\/\\\/clone.nextrope.com\\\/pl\\\/#organization\",\"name\":\"Nextrope\",\"url\":\"https:\\\/\\\/clone.nextrope.com\\\/pl\\\/\",\"logo\":{\"@type\":\"ImageObject\",\"inLanguage\":\"pl-PL\",\"@id\":\"https:\\\/\\\/clone.nextrope.com\\\/pl\\\/#\\\/schema\\\/logo\\\/image\\\/\",\"url\":\"https:\\\/\\\/clone.nextrope.com\\\/wp-content\\\/uploads\\\/2020\\\/07\\\/logo-dark.png\",\"contentUrl\":\"https:\\\/\\\/clone.nextrope.com\\\/wp-content\\\/uploads\\\/2020\\\/07\\\/logo-dark.png\",\"width\":180,\"height\":40,\"caption\":\"Nextrope\"},\"image\":{\"@id\":\"https:\\\/\\\/clone.nextrope.com\\\/pl\\\/#\\\/schema\\\/logo\\\/image\\\/\"},\"sameAs\":[\"https:\\\/\\\/www.facebook.com\\\/weknowtheropes\\\/\",\"https:\\\/\\\/www.linkedin.com\\\/company\\\/nextrope\"]}]}<\/script>\n<!-- \/ Yoast SEO plugin. -->","yoast_head_json":{"title":"Mid Web3 Backend Developer | Carrer | Nextrope","description":"Do\u0142\u0105cz do Nextrope jako Mid Web3 Backend Developer i we\u017a udzia\u0142 w projektowaniu, wdra\u017caniu i utrzymaniu innowacyjnych rozwi\u0105za\u0144 opartych na technologii blockchain.","robots":{"index":"index","follow":"follow","max-snippet":"max-snippet:-1","max-image-preview":"max-image-preview:large","max-video-preview":"max-video-preview:-1"},"canonical":"https:\/\/clone.nextrope.com\/pl\/kariera\/mid-backend-developer-pl\/","og_locale":"pl_PL","og_type":"article","og_title":"Mid Web3 Backend Developer | Carrer | Nextrope","og_description":"Do\u0142\u0105cz do Nextrope jako Mid Web3 Backend Developer i we\u017a udzia\u0142 w projektowaniu, wdra\u017caniu i utrzymaniu innowacyjnych rozwi\u0105za\u0144 opartych na technologii blockchain.","og_url":"https:\/\/clone.nextrope.com\/pl\/kariera\/mid-backend-developer-pl\/","og_site_name":"Nextrope - Your Trusted Partner for Blockchain Development and Advisory Services","article_publisher":"https:\/\/www.facebook.com\/weknowtheropes\/","article_modified_time":"2025-04-09T06:24:12+00:00","twitter_card":"summary_large_image","twitter_misc":{"Szacowany czas czytania":"2 minuty"},"schema":{"@context":"https:\/\/schema.org","@graph":[{"@type":"WebPage","@id":"https:\/\/clone.nextrope.com\/pl\/kariera\/mid-backend-developer-pl\/","url":"https:\/\/clone.nextrope.com\/pl\/kariera\/mid-backend-developer-pl\/","name":"Mid Web3 Backend Developer | Carrer | Nextrope","isPartOf":{"@id":"https:\/\/clone.nextrope.com\/pl\/#website"},"datePublished":"2023-11-10T15:07:30+00:00","dateModified":"2025-04-09T06:24:12+00:00","description":"Do\u0142\u0105cz do Nextrope jako Mid Web3 Backend Developer i we\u017a udzia\u0142 w projektowaniu, wdra\u017caniu i utrzymaniu innowacyjnych rozwi\u0105za\u0144 opartych na technologii blockchain.","breadcrumb":{"@id":"https:\/\/clone.nextrope.com\/pl\/kariera\/mid-backend-developer-pl\/#breadcrumb"},"inLanguage":"pl-PL","potentialAction":[{"@type":"ReadAction","target":["https:\/\/clone.nextrope.com\/pl\/kariera\/mid-backend-developer-pl\/"]}]},{"@type":"BreadcrumbList","@id":"https:\/\/clone.nextrope.com\/pl\/kariera\/mid-backend-developer-pl\/#breadcrumb","itemListElement":[{"@type":"ListItem","position":1,"name":"Home","item":"https:\/\/clone.nextrope.com\/pl\/wsparcie-konsultacje-technologie-web3-blockchain-nextrope\/"},{"@type":"ListItem","position":2,"name":"Careers Pl","item":"https:\/\/clone.nextrope.com\/pl\/kariera\/"},{"@type":"ListItem","position":3,"name":"Backend Developer"}]},{"@type":"WebSite","@id":"https:\/\/clone.nextrope.com\/pl\/#website","url":"https:\/\/clone.nextrope.com\/pl\/","name":"Nextrope - Your Trusted Partner for Blockchain Development and Advisory Services","description":"Fintech Software House","publisher":{"@id":"https:\/\/clone.nextrope.com\/pl\/#organization"},"potentialAction":[{"@type":"SearchAction","target":{"@type":"EntryPoint","urlTemplate":"https:\/\/clone.nextrope.com\/pl\/?s={search_term_string}"},"query-input":{"@type":"PropertyValueSpecification","valueRequired":true,"valueName":"search_term_string"}}],"inLanguage":"pl-PL"},{"@type":"Organization","@id":"https:\/\/clone.nextrope.com\/pl\/#organization","name":"Nextrope","url":"https:\/\/clone.nextrope.com\/pl\/","logo":{"@type":"ImageObject","inLanguage":"pl-PL","@id":"https:\/\/clone.nextrope.com\/pl\/#\/schema\/logo\/image\/","url":"https:\/\/clone.nextrope.com\/wp-content\/uploads\/2020\/07\/logo-dark.png","contentUrl":"https:\/\/clone.nextrope.com\/wp-content\/uploads\/2020\/07\/logo-dark.png","width":180,"height":40,"caption":"Nextrope"},"image":{"@id":"https:\/\/clone.nextrope.com\/pl\/#\/schema\/logo\/image\/"},"sameAs":["https:\/\/www.facebook.com\/weknowtheropes\/","https:\/\/www.linkedin.com\/company\/nextrope"]}]}},"_links":{"self":[{"href":"https:\/\/clone.nextrope.com\/pl\/wp-json\/wp\/v2\/pages\/3999","targetHints":{"allow":["GET"]}}],"collection":[{"href":"https:\/\/clone.nextrope.com\/pl\/wp-json\/wp\/v2\/pages"}],"about":[{"href":"https:\/\/clone.nextrope.com\/pl\/wp-json\/wp\/v2\/types\/page"}],"author":[{"embeddable":true,"href":"https:\/\/clone.nextrope.com\/pl\/wp-json\/wp\/v2\/users\/18"}],"replies":[{"embeddable":true,"href":"https:\/\/clone.nextrope.com\/pl\/wp-json\/wp\/v2\/comments?post=3999"}],"version-history":[{"count":8,"href":"https:\/\/clone.nextrope.com\/pl\/wp-json\/wp\/v2\/pages\/3999\/revisions"}],"predecessor-version":[{"id":5815,"href":"https:\/\/clone.nextrope.com\/pl\/wp-json\/wp\/v2\/pages\/3999\/revisions\/5815"}],"up":[{"embeddable":true,"href":"https:\/\/clone.nextrope.com\/pl\/wp-json\/wp\/v2\/pages\/1523"}],"wp:attachment":[{"href":"https:\/\/clone.nextrope.com\/pl\/wp-json\/wp\/v2\/media?parent=3999"}],"curies":[{"name":"wp","href":"https:\/\/api.w.org\/{rel}","templated":true}]}}