{"id":3968,"date":"2023-11-10T14:56:27","date_gmt":"2023-11-10T13:56:27","guid":{"rendered":"https:\/\/clone.nextrope.com\/?page_id=3968"},"modified":"2023-11-10T14:56:27","modified_gmt":"2023-11-10T13:56:27","slug":"blockchain-dla-branzy-logistycznej","status":"publish","type":"page","link":"https:\/\/clone.nextrope.com\/pl\/blockchain-dla-branzy-logistycznej\/","title":{"rendered":"Blockchain Solutions for Logistics Efficiency"},"content":{"rendered":"","protected":false},"excerpt":{"rendered":"","protected":false},"author":18,"featured_media":0,"parent":0,"menu_order":0,"comment_status":"closed","ping_status":"closed","template":"blockchain-solutions-for-logistic-efficiency.php","meta":{"_acf_changed":false,"content-type":"","_exactmetrics_skip_tracking":false,"_exactmetrics_sitenote_active":false,"_exactmetrics_sitenote_note":"","_exactmetrics_sitenote_category":0,"iawp_total_views":0,"footnotes":""},"class_list":["post-3968","page","type-page","status-publish","hentry"],"acf":[],"yoast_head":"<!-- This site is optimized with the Yoast SEO plugin v27.5 - https:\/\/yoast.com\/product\/yoast-seo-wordpress\/ -->\n<title>Rozw\u00f3j Technologii Blockchain dla Bran\u017cy Logistycznej | Services | Nextrope<\/title>\n<meta name=\"description\" content=\"Usprawnij logistyk\u0119 jak nigdy dot\u0105d. Od zaawansowanego \u015bledzenia \u0142adunk\u00f3w po inteligentne magazynowanie - popraw wydajno\u015bci dzi\u0119ki rozwi\u0105zaniom blockchain.\" \/>\n<meta name=\"robots\" content=\"index, follow, max-snippet:-1, max-image-preview:large, max-video-preview:-1\" \/>\n<link rel=\"canonical\" href=\"https:\/\/clone.nextrope.com\/pl\/blockchain-dla-branzy-logistycznej\/\" \/>\n<meta property=\"og:locale\" content=\"pl_PL\" \/>\n<meta property=\"og:type\" content=\"article\" \/>\n<meta property=\"og:title\" content=\"Rozw\u00f3j Technologii Blockchain dla Bran\u017cy Logistycznej | Services | Nextrope\" \/>\n<meta property=\"og:description\" content=\"Usprawnij logistyk\u0119 jak nigdy dot\u0105d. Od zaawansowanego \u015bledzenia \u0142adunk\u00f3w po inteligentne magazynowanie - popraw wydajno\u015bci dzi\u0119ki rozwi\u0105zaniom blockchain.\" \/>\n<meta property=\"og:url\" content=\"https:\/\/clone.nextrope.com\/pl\/blockchain-dla-branzy-logistycznej\/\" \/>\n<meta property=\"og:site_name\" content=\"Nextrope - Your Trusted Partner for Blockchain Development and Advisory Services\" \/>\n<meta property=\"article:publisher\" content=\"https:\/\/www.facebook.com\/weknowtheropes\/\" \/>\n<meta name=\"twitter:card\" content=\"summary_large_image\" \/>\n<script type=\"application\/ld+json\" class=\"yoast-schema-graph\">{\"@context\":\"https:\\\/\\\/schema.org\",\"@graph\":[{\"@type\":\"WebPage\",\"@id\":\"https:\\\/\\\/clone.nextrope.com\\\/pl\\\/blockchain-dla-branzy-logistycznej\\\/\",\"url\":\"https:\\\/\\\/clone.nextrope.com\\\/pl\\\/blockchain-dla-branzy-logistycznej\\\/\",\"name\":\"Rozw\u00f3j Technologii Blockchain dla Bran\u017cy Logistycznej | Services | Nextrope\",\"isPartOf\":{\"@id\":\"https:\\\/\\\/clone.nextrope.com\\\/pl\\\/#website\"},\"datePublished\":\"2023-11-10T13:56:27+00:00\",\"description\":\"Usprawnij logistyk\u0119 jak nigdy dot\u0105d. Od zaawansowanego \u015bledzenia \u0142adunk\u00f3w po inteligentne magazynowanie - popraw wydajno\u015bci dzi\u0119ki rozwi\u0105zaniom blockchain.\",\"breadcrumb\":{\"@id\":\"https:\\\/\\\/clone.nextrope.com\\\/pl\\\/blockchain-dla-branzy-logistycznej\\\/#breadcrumb\"},\"inLanguage\":\"pl-PL\",\"potentialAction\":[{\"@type\":\"ReadAction\",\"target\":[\"https:\\\/\\\/clone.nextrope.com\\\/pl\\\/blockchain-dla-branzy-logistycznej\\\/\"]}]},{\"@type\":\"BreadcrumbList\",\"@id\":\"https:\\\/\\\/clone.nextrope.com\\\/pl\\\/blockchain-dla-branzy-logistycznej\\\/#breadcrumb\",\"itemListElement\":[{\"@type\":\"ListItem\",\"position\":1,\"name\":\"Home\",\"item\":\"https:\\\/\\\/clone.nextrope.com\\\/pl\\\/wsparcie-konsultacje-technologie-web3-blockchain-nextrope\\\/\"},{\"@type\":\"ListItem\",\"position\":2,\"name\":\"Blockchain Solutions for Logistics Efficiency\"}]},{\"@type\":\"WebSite\",\"@id\":\"https:\\\/\\\/clone.nextrope.com\\\/pl\\\/#website\",\"url\":\"https:\\\/\\\/clone.nextrope.com\\\/pl\\\/\",\"name\":\"Nextrope - Your Trusted Partner for Blockchain Development and Advisory Services\",\"description\":\"Fintech Software House\",\"publisher\":{\"@id\":\"https:\\\/\\\/clone.nextrope.com\\\/pl\\\/#organization\"},\"potentialAction\":[{\"@type\":\"SearchAction\",\"target\":{\"@type\":\"EntryPoint\",\"urlTemplate\":\"https:\\\/\\\/clone.nextrope.com\\\/pl\\\/?s={search_term_string}\"},\"query-input\":{\"@type\":\"PropertyValueSpecification\",\"valueRequired\":true,\"valueName\":\"search_term_string\"}}],\"inLanguage\":\"pl-PL\"},{\"@type\":\"Organization\",\"@id\":\"https:\\\/\\\/clone.nextrope.com\\\/pl\\\/#organization\",\"name\":\"Nextrope\",\"url\":\"https:\\\/\\\/clone.nextrope.com\\\/pl\\\/\",\"logo\":{\"@type\":\"ImageObject\",\"inLanguage\":\"pl-PL\",\"@id\":\"https:\\\/\\\/clone.nextrope.com\\\/pl\\\/#\\\/schema\\\/logo\\\/image\\\/\",\"url\":\"https:\\\/\\\/clone.nextrope.com\\\/wp-content\\\/uploads\\\/2020\\\/07\\\/logo-dark.png\",\"contentUrl\":\"https:\\\/\\\/clone.nextrope.com\\\/wp-content\\\/uploads\\\/2020\\\/07\\\/logo-dark.png\",\"width\":180,\"height\":40,\"caption\":\"Nextrope\"},\"image\":{\"@id\":\"https:\\\/\\\/clone.nextrope.com\\\/pl\\\/#\\\/schema\\\/logo\\\/image\\\/\"},\"sameAs\":[\"https:\\\/\\\/www.facebook.com\\\/weknowtheropes\\\/\",\"https:\\\/\\\/www.linkedin.com\\\/company\\\/nextrope\"]}]}<\/script>\n<!-- \/ Yoast SEO plugin. -->","yoast_head_json":{"title":"Rozw\u00f3j Technologii Blockchain dla Bran\u017cy Logistycznej | Services | Nextrope","description":"Usprawnij logistyk\u0119 jak nigdy dot\u0105d. Od zaawansowanego \u015bledzenia \u0142adunk\u00f3w po inteligentne magazynowanie - popraw wydajno\u015bci dzi\u0119ki rozwi\u0105zaniom blockchain.","robots":{"index":"index","follow":"follow","max-snippet":"max-snippet:-1","max-image-preview":"max-image-preview:large","max-video-preview":"max-video-preview:-1"},"canonical":"https:\/\/clone.nextrope.com\/pl\/blockchain-dla-branzy-logistycznej\/","og_locale":"pl_PL","og_type":"article","og_title":"Rozw\u00f3j Technologii Blockchain dla Bran\u017cy Logistycznej | Services | Nextrope","og_description":"Usprawnij logistyk\u0119 jak nigdy dot\u0105d. Od zaawansowanego \u015bledzenia \u0142adunk\u00f3w po inteligentne magazynowanie - popraw wydajno\u015bci dzi\u0119ki rozwi\u0105zaniom blockchain.","og_url":"https:\/\/clone.nextrope.com\/pl\/blockchain-dla-branzy-logistycznej\/","og_site_name":"Nextrope - Your Trusted Partner for Blockchain Development and Advisory Services","article_publisher":"https:\/\/www.facebook.com\/weknowtheropes\/","twitter_card":"summary_large_image","schema":{"@context":"https:\/\/schema.org","@graph":[{"@type":"WebPage","@id":"https:\/\/clone.nextrope.com\/pl\/blockchain-dla-branzy-logistycznej\/","url":"https:\/\/clone.nextrope.com\/pl\/blockchain-dla-branzy-logistycznej\/","name":"Rozw\u00f3j Technologii Blockchain dla Bran\u017cy Logistycznej | Services | Nextrope","isPartOf":{"@id":"https:\/\/clone.nextrope.com\/pl\/#website"},"datePublished":"2023-11-10T13:56:27+00:00","description":"Usprawnij logistyk\u0119 jak nigdy dot\u0105d. Od zaawansowanego \u015bledzenia \u0142adunk\u00f3w po inteligentne magazynowanie - popraw wydajno\u015bci dzi\u0119ki rozwi\u0105zaniom blockchain.","breadcrumb":{"@id":"https:\/\/clone.nextrope.com\/pl\/blockchain-dla-branzy-logistycznej\/#breadcrumb"},"inLanguage":"pl-PL","potentialAction":[{"@type":"ReadAction","target":["https:\/\/clone.nextrope.com\/pl\/blockchain-dla-branzy-logistycznej\/"]}]},{"@type":"BreadcrumbList","@id":"https:\/\/clone.nextrope.com\/pl\/blockchain-dla-branzy-logistycznej\/#breadcrumb","itemListElement":[{"@type":"ListItem","position":1,"name":"Home","item":"https:\/\/clone.nextrope.com\/pl\/wsparcie-konsultacje-technologie-web3-blockchain-nextrope\/"},{"@type":"ListItem","position":2,"name":"Blockchain Solutions for Logistics Efficiency"}]},{"@type":"WebSite","@id":"https:\/\/clone.nextrope.com\/pl\/#website","url":"https:\/\/clone.nextrope.com\/pl\/","name":"Nextrope - Your Trusted Partner for Blockchain Development and Advisory Services","description":"Fintech Software House","publisher":{"@id":"https:\/\/clone.nextrope.com\/pl\/#organization"},"potentialAction":[{"@type":"SearchAction","target":{"@type":"EntryPoint","urlTemplate":"https:\/\/clone.nextrope.com\/pl\/?s={search_term_string}"},"query-input":{"@type":"PropertyValueSpecification","valueRequired":true,"valueName":"search_term_string"}}],"inLanguage":"pl-PL"},{"@type":"Organization","@id":"https:\/\/clone.nextrope.com\/pl\/#organization","name":"Nextrope","url":"https:\/\/clone.nextrope.com\/pl\/","logo":{"@type":"ImageObject","inLanguage":"pl-PL","@id":"https:\/\/clone.nextrope.com\/pl\/#\/schema\/logo\/image\/","url":"https:\/\/clone.nextrope.com\/wp-content\/uploads\/2020\/07\/logo-dark.png","contentUrl":"https:\/\/clone.nextrope.com\/wp-content\/uploads\/2020\/07\/logo-dark.png","width":180,"height":40,"caption":"Nextrope"},"image":{"@id":"https:\/\/clone.nextrope.com\/pl\/#\/schema\/logo\/image\/"},"sameAs":["https:\/\/www.facebook.com\/weknowtheropes\/","https:\/\/www.linkedin.com\/company\/nextrope"]}]}},"_links":{"self":[{"href":"https:\/\/clone.nextrope.com\/pl\/wp-json\/wp\/v2\/pages\/3968","targetHints":{"allow":["GET"]}}],"collection":[{"href":"https:\/\/clone.nextrope.com\/pl\/wp-json\/wp\/v2\/pages"}],"about":[{"href":"https:\/\/clone.nextrope.com\/pl\/wp-json\/wp\/v2\/types\/page"}],"author":[{"embeddable":true,"href":"https:\/\/clone.nextrope.com\/pl\/wp-json\/wp\/v2\/users\/18"}],"replies":[{"embeddable":true,"href":"https:\/\/clone.nextrope.com\/pl\/wp-json\/wp\/v2\/comments?post=3968"}],"version-history":[{"count":1,"href":"https:\/\/clone.nextrope.com\/pl\/wp-json\/wp\/v2\/pages\/3968\/revisions"}],"predecessor-version":[{"id":3969,"href":"https:\/\/clone.nextrope.com\/pl\/wp-json\/wp\/v2\/pages\/3968\/revisions\/3969"}],"wp:attachment":[{"href":"https:\/\/clone.nextrope.com\/pl\/wp-json\/wp\/v2\/media?parent=3968"}],"curies":[{"name":"wp","href":"https:\/\/api.w.org\/{rel}","templated":true}]}}