{"id":3909,"date":"2023-11-10T14:16:51","date_gmt":"2023-11-10T13:16:51","guid":{"rendered":"https:\/\/clone.nextrope.com\/?page_id=3909"},"modified":"2023-11-10T14:16:51","modified_gmt":"2023-11-10T13:16:51","slug":"integracja-chatu-gpt","status":"publish","type":"page","link":"https:\/\/clone.nextrope.com\/pl\/integracja-chatu-gpt\/","title":{"rendered":"Chat GPT Integrations"},"content":{"rendered":"","protected":false},"excerpt":{"rendered":"","protected":false},"author":18,"featured_media":0,"parent":0,"menu_order":0,"comment_status":"closed","ping_status":"closed","template":"chat-gpt-integrations.php","meta":{"_acf_changed":false,"content-type":"","_exactmetrics_skip_tracking":false,"_exactmetrics_sitenote_active":false,"_exactmetrics_sitenote_note":"","_exactmetrics_sitenote_category":0,"iawp_total_views":0,"footnotes":""},"class_list":["post-3909","page","type-page","status-publish","hentry"],"acf":[],"yoast_head":"<!-- This site is optimized with the Yoast SEO plugin v27.5 - https:\/\/yoast.com\/product\/yoast-seo-wordpress\/ -->\n<title>Integracje Chatu GPT | Us\u0142ugi AI | Nextrope<\/title>\n<meta name=\"description\" content=\"B\u0105d\u017a przed konkurencj\u0105 dzi\u0119ki integracji z Chatem GPT. Ulepszaj chatboty, integruj je z produktami i zwi\u0119kszaj komfort u\u017cytkowania twoich produk\u00f3w.\" \/>\n<meta name=\"robots\" content=\"index, follow, max-snippet:-1, max-image-preview:large, max-video-preview:-1\" \/>\n<link rel=\"canonical\" href=\"https:\/\/clone.nextrope.com\/pl\/integracja-chatu-gpt\/\" \/>\n<meta property=\"og:locale\" content=\"pl_PL\" \/>\n<meta property=\"og:type\" content=\"article\" \/>\n<meta property=\"og:title\" content=\"Integracje Chatu GPT | Us\u0142ugi AI | Nextrope\" \/>\n<meta property=\"og:description\" content=\"B\u0105d\u017a przed konkurencj\u0105 dzi\u0119ki integracji z Chatem GPT. Ulepszaj chatboty, integruj je z produktami i zwi\u0119kszaj komfort u\u017cytkowania twoich produk\u00f3w.\" \/>\n<meta property=\"og:url\" content=\"https:\/\/clone.nextrope.com\/pl\/integracja-chatu-gpt\/\" \/>\n<meta property=\"og:site_name\" content=\"Nextrope - Your Trusted Partner for Blockchain Development and Advisory Services\" \/>\n<meta property=\"article:publisher\" content=\"https:\/\/www.facebook.com\/weknowtheropes\/\" \/>\n<meta name=\"twitter:card\" content=\"summary_large_image\" \/>\n<script type=\"application\/ld+json\" class=\"yoast-schema-graph\">{\"@context\":\"https:\\\/\\\/schema.org\",\"@graph\":[{\"@type\":\"WebPage\",\"@id\":\"https:\\\/\\\/clone.nextrope.com\\\/pl\\\/integracja-chatu-gpt\\\/\",\"url\":\"https:\\\/\\\/clone.nextrope.com\\\/pl\\\/integracja-chatu-gpt\\\/\",\"name\":\"Integracje Chatu GPT | Us\u0142ugi AI | Nextrope\",\"isPartOf\":{\"@id\":\"https:\\\/\\\/clone.nextrope.com\\\/pl\\\/#website\"},\"datePublished\":\"2023-11-10T13:16:51+00:00\",\"description\":\"B\u0105d\u017a przed konkurencj\u0105 dzi\u0119ki integracji z Chatem GPT. Ulepszaj chatboty, integruj je z produktami i zwi\u0119kszaj komfort u\u017cytkowania twoich produk\u00f3w.\",\"breadcrumb\":{\"@id\":\"https:\\\/\\\/clone.nextrope.com\\\/pl\\\/integracja-chatu-gpt\\\/#breadcrumb\"},\"inLanguage\":\"pl-PL\",\"potentialAction\":[{\"@type\":\"ReadAction\",\"target\":[\"https:\\\/\\\/clone.nextrope.com\\\/pl\\\/integracja-chatu-gpt\\\/\"]}]},{\"@type\":\"BreadcrumbList\",\"@id\":\"https:\\\/\\\/clone.nextrope.com\\\/pl\\\/integracja-chatu-gpt\\\/#breadcrumb\",\"itemListElement\":[{\"@type\":\"ListItem\",\"position\":1,\"name\":\"Home\",\"item\":\"https:\\\/\\\/clone.nextrope.com\\\/pl\\\/wsparcie-konsultacje-technologie-web3-blockchain-nextrope\\\/\"},{\"@type\":\"ListItem\",\"position\":2,\"name\":\"Chat GPT Integrations\"}]},{\"@type\":\"WebSite\",\"@id\":\"https:\\\/\\\/clone.nextrope.com\\\/pl\\\/#website\",\"url\":\"https:\\\/\\\/clone.nextrope.com\\\/pl\\\/\",\"name\":\"Nextrope - Your Trusted Partner for Blockchain Development and Advisory Services\",\"description\":\"Fintech Software House\",\"publisher\":{\"@id\":\"https:\\\/\\\/clone.nextrope.com\\\/pl\\\/#organization\"},\"potentialAction\":[{\"@type\":\"SearchAction\",\"target\":{\"@type\":\"EntryPoint\",\"urlTemplate\":\"https:\\\/\\\/clone.nextrope.com\\\/pl\\\/?s={search_term_string}\"},\"query-input\":{\"@type\":\"PropertyValueSpecification\",\"valueRequired\":true,\"valueName\":\"search_term_string\"}}],\"inLanguage\":\"pl-PL\"},{\"@type\":\"Organization\",\"@id\":\"https:\\\/\\\/clone.nextrope.com\\\/pl\\\/#organization\",\"name\":\"Nextrope\",\"url\":\"https:\\\/\\\/clone.nextrope.com\\\/pl\\\/\",\"logo\":{\"@type\":\"ImageObject\",\"inLanguage\":\"pl-PL\",\"@id\":\"https:\\\/\\\/clone.nextrope.com\\\/pl\\\/#\\\/schema\\\/logo\\\/image\\\/\",\"url\":\"https:\\\/\\\/clone.nextrope.com\\\/wp-content\\\/uploads\\\/2020\\\/07\\\/logo-dark.png\",\"contentUrl\":\"https:\\\/\\\/clone.nextrope.com\\\/wp-content\\\/uploads\\\/2020\\\/07\\\/logo-dark.png\",\"width\":180,\"height\":40,\"caption\":\"Nextrope\"},\"image\":{\"@id\":\"https:\\\/\\\/clone.nextrope.com\\\/pl\\\/#\\\/schema\\\/logo\\\/image\\\/\"},\"sameAs\":[\"https:\\\/\\\/www.facebook.com\\\/weknowtheropes\\\/\",\"https:\\\/\\\/www.linkedin.com\\\/company\\\/nextrope\"]}]}<\/script>\n<!-- \/ Yoast SEO plugin. -->","yoast_head_json":{"title":"Integracje Chatu GPT | Us\u0142ugi AI | Nextrope","description":"B\u0105d\u017a przed konkurencj\u0105 dzi\u0119ki integracji z Chatem GPT. Ulepszaj chatboty, integruj je z produktami i zwi\u0119kszaj komfort u\u017cytkowania twoich produk\u00f3w.","robots":{"index":"index","follow":"follow","max-snippet":"max-snippet:-1","max-image-preview":"max-image-preview:large","max-video-preview":"max-video-preview:-1"},"canonical":"https:\/\/clone.nextrope.com\/pl\/integracja-chatu-gpt\/","og_locale":"pl_PL","og_type":"article","og_title":"Integracje Chatu GPT | Us\u0142ugi AI | Nextrope","og_description":"B\u0105d\u017a przed konkurencj\u0105 dzi\u0119ki integracji z Chatem GPT. Ulepszaj chatboty, integruj je z produktami i zwi\u0119kszaj komfort u\u017cytkowania twoich produk\u00f3w.","og_url":"https:\/\/clone.nextrope.com\/pl\/integracja-chatu-gpt\/","og_site_name":"Nextrope - Your Trusted Partner for Blockchain Development and Advisory Services","article_publisher":"https:\/\/www.facebook.com\/weknowtheropes\/","twitter_card":"summary_large_image","schema":{"@context":"https:\/\/schema.org","@graph":[{"@type":"WebPage","@id":"https:\/\/clone.nextrope.com\/pl\/integracja-chatu-gpt\/","url":"https:\/\/clone.nextrope.com\/pl\/integracja-chatu-gpt\/","name":"Integracje Chatu GPT | Us\u0142ugi AI | Nextrope","isPartOf":{"@id":"https:\/\/clone.nextrope.com\/pl\/#website"},"datePublished":"2023-11-10T13:16:51+00:00","description":"B\u0105d\u017a przed konkurencj\u0105 dzi\u0119ki integracji z Chatem GPT. Ulepszaj chatboty, integruj je z produktami i zwi\u0119kszaj komfort u\u017cytkowania twoich produk\u00f3w.","breadcrumb":{"@id":"https:\/\/clone.nextrope.com\/pl\/integracja-chatu-gpt\/#breadcrumb"},"inLanguage":"pl-PL","potentialAction":[{"@type":"ReadAction","target":["https:\/\/clone.nextrope.com\/pl\/integracja-chatu-gpt\/"]}]},{"@type":"BreadcrumbList","@id":"https:\/\/clone.nextrope.com\/pl\/integracja-chatu-gpt\/#breadcrumb","itemListElement":[{"@type":"ListItem","position":1,"name":"Home","item":"https:\/\/clone.nextrope.com\/pl\/wsparcie-konsultacje-technologie-web3-blockchain-nextrope\/"},{"@type":"ListItem","position":2,"name":"Chat GPT Integrations"}]},{"@type":"WebSite","@id":"https:\/\/clone.nextrope.com\/pl\/#website","url":"https:\/\/clone.nextrope.com\/pl\/","name":"Nextrope - Your Trusted Partner for Blockchain Development and Advisory Services","description":"Fintech Software House","publisher":{"@id":"https:\/\/clone.nextrope.com\/pl\/#organization"},"potentialAction":[{"@type":"SearchAction","target":{"@type":"EntryPoint","urlTemplate":"https:\/\/clone.nextrope.com\/pl\/?s={search_term_string}"},"query-input":{"@type":"PropertyValueSpecification","valueRequired":true,"valueName":"search_term_string"}}],"inLanguage":"pl-PL"},{"@type":"Organization","@id":"https:\/\/clone.nextrope.com\/pl\/#organization","name":"Nextrope","url":"https:\/\/clone.nextrope.com\/pl\/","logo":{"@type":"ImageObject","inLanguage":"pl-PL","@id":"https:\/\/clone.nextrope.com\/pl\/#\/schema\/logo\/image\/","url":"https:\/\/clone.nextrope.com\/wp-content\/uploads\/2020\/07\/logo-dark.png","contentUrl":"https:\/\/clone.nextrope.com\/wp-content\/uploads\/2020\/07\/logo-dark.png","width":180,"height":40,"caption":"Nextrope"},"image":{"@id":"https:\/\/clone.nextrope.com\/pl\/#\/schema\/logo\/image\/"},"sameAs":["https:\/\/www.facebook.com\/weknowtheropes\/","https:\/\/www.linkedin.com\/company\/nextrope"]}]}},"_links":{"self":[{"href":"https:\/\/clone.nextrope.com\/pl\/wp-json\/wp\/v2\/pages\/3909","targetHints":{"allow":["GET"]}}],"collection":[{"href":"https:\/\/clone.nextrope.com\/pl\/wp-json\/wp\/v2\/pages"}],"about":[{"href":"https:\/\/clone.nextrope.com\/pl\/wp-json\/wp\/v2\/types\/page"}],"author":[{"embeddable":true,"href":"https:\/\/clone.nextrope.com\/pl\/wp-json\/wp\/v2\/users\/18"}],"replies":[{"embeddable":true,"href":"https:\/\/clone.nextrope.com\/pl\/wp-json\/wp\/v2\/comments?post=3909"}],"version-history":[{"count":1,"href":"https:\/\/clone.nextrope.com\/pl\/wp-json\/wp\/v2\/pages\/3909\/revisions"}],"predecessor-version":[{"id":3910,"href":"https:\/\/clone.nextrope.com\/pl\/wp-json\/wp\/v2\/pages\/3909\/revisions\/3910"}],"wp:attachment":[{"href":"https:\/\/clone.nextrope.com\/pl\/wp-json\/wp\/v2\/media?parent=3909"}],"curies":[{"name":"wp","href":"https:\/\/api.w.org\/{rel}","templated":true}]}}